{"id":8,"date":"2016-03-21T15:48:12","date_gmt":"2016-03-21T15:48:12","guid":{"rendered":"http:\/\/menton.is\/?page_id=8"},"modified":"2025-06-02T13:54:43","modified_gmt":"2025-06-02T13:54:43","slug":"starfsfolk","status":"publish","type":"page","link":"https:\/\/menton.is\/index.php\/starfsfolk\/","title":{"rendered":"Starfsf\u00f3lk"},"content":{"rendered":"<p><div class=\"fusion-fullwidth fullwidth-box fusion-builder-row-1 nonhundred-percent-fullwidth non-hundred-percent-height-scrolling\" style=\"background-color: #ffffff;background-position: center center;background-repeat: no-repeat;padding-top:0px;padding-right:0px;padding-bottom:0px;padding-left:0px;margin-bottom: 0px;margin-top: 0px;border-width: 0px 0px 0px 0px;border-color:#eae9e9;border-style:solid;\" ><div class=\"fusion-builder-row fusion-row\"><div class=\"fusion-layout-column fusion_builder_column fusion-builder-column-0 fusion_builder_column_1_1 1_1 fusion-one-full fusion-column-first fusion-column-last\" style=\"margin-top:0px;margin-bottom:20px;\"><div class=\"fusion-column-wrapper fusion-flex-column-wrapper-legacy\" style=\"background-position:left top;background-repeat:no-repeat;-webkit-background-size:cover;-moz-background-size:cover;-o-background-size:cover;background-size:cover;background-color:rgba(243,198,177,0);padding: 30px 20px 0px 20px;\"><div class=\"fusion-text fusion-text-1\" style=\"text-align:left;transform:translate3d(0,0,0);\"><h2>Starfsf\u00f3lk<\/h2>\n<\/div><div class=\"fusion-clearfix\"><\/div><\/div><\/div><\/div><\/div><div class=\"fusion-fullwidth fullwidth-box fusion-builder-row-2 nonhundred-percent-fullwidth non-hundred-percent-height-scrolling\" style=\"background-color: #ffffff;background-position: left top;background-repeat: no-repeat;padding-top:30px;padding-right:30px;padding-bottom:30px;padding-left:30px;margin-bottom: 0px;margin-top: 0px;border-width: 0px 0px 0px 0px;border-color:#eae9e9;border-style:solid;\" ><div class=\"fusion-builder-row fusion-row\"><div class=\"fusion-layout-column fusion_builder_column fusion-builder-column-1 fusion_builder_column_1_1 1_1 fusion-one-full fusion-column-first fusion-column-last bg_contain\" style=\"margin-top:0px;margin-bottom:20px;\"><div class=\"fusion-column-wrapper fusion-flex-column-wrapper-legacy\" style=\"background-image: url(&#039;http:\/\/menton.is\/wp-content\/uploads\/2016\/03\/mit_mynstur_1100x600_60op.png&#039;);background-position:left top;background-repeat:repeat-y;padding: 0px 0px 0px 0px;\" data-bg-url=\"http:\/\/menton.is\/wp-content\/uploads\/2016\/03\/mit_mynstur_1100x600_60op.png\"><div class=\"fusion-text fusion-text-2\" style=\"transform:translate3d(0,0,0);\"><div class=\"stp-bubble-wrap stp-archive stp-archive-kennarar-archive\"><table style=\"width:100%\"> \r\n<tr>\r\n  <th width=\"25%\"><strong><h3>Nafn<\/h3><\/strong><\/th>\r\n  <th width=\"25%\"><strong><h3>Kennslugrein\/starf<\/h3><\/strong><\/th>\r\n <\/tr>\r\n<\/table>\r\n<div class=\"kennarar\">\r\n<table style=\"width:100%\">\r\n  <tr>\r\n    <td width=\"25%\"><a href=\"https:\/\/menton.is\/index.php\/kennarar\/agnar-mar-magnusson\/\">Agnar M\u00e1r Magn\u00fasson<\/a><\/td>\r\n    <td width=\"25%\"> Fr\u00e6\u00f0igreinar,   Jazzp\u00edan\u00f3,  <\/td> \r\n  <\/tr>\r\n<table style=\"width:100%\">\r\n  <tr>\r\n    <td width=\"25%\"><a href=\"https:\/\/menton.is\/index.php\/kennarar\/andres-thor-gunnlaugsson\/\">Andr\u00e9s \u00de\u00f3r Gunnlaugsson<\/a><\/td>\r\n    <td width=\"25%\"> Deildarstj\u00f3ri rytmisk deild,   Rafg\u00edtar,  <\/td> \r\n  <\/tr>\r\n<table style=\"width:100%\">\r\n  <tr>\r\n    <td width=\"25%\"><a href=\"https:\/\/menton.is\/index.php\/kennarar\/asgeir-jon-asgeirsson\/\">\u00c1sgeir J\u00f3n \u00c1sgeirsson<\/a><\/td>\r\n    <td width=\"25%\"> Rafg\u00edtar,  <\/td> \r\n  <\/tr>\r\n<table style=\"width:100%\">\r\n  <tr>\r\n    <td width=\"25%\"><a href=\"https:\/\/menton.is\/index.php\/kennarar\/astridur-alda-sigurdardottir\/\">\u00c1str\u00ed\u00f0ur Alda Sigur\u00f0ard\u00f3ttir<\/a><\/td>\r\n    <td width=\"25%\"> Fr\u00e6\u00f0igreinar,  <\/td> \r\n  <\/tr>\r\n<table style=\"width:100%\">\r\n  <tr>\r\n    <td width=\"25%\"><a href=\"https:\/\/menton.is\/index.php\/kennarar\/audur-hafsteinsdottir\/\">Au\u00f0ur Hafsteinsd\u00f3ttir<\/a><\/td>\r\n    <td width=\"25%\"> Fi\u00f0la,  <\/td> \r\n  <\/tr>\r\n<table style=\"width:100%\">\r\n  <tr>\r\n    <td width=\"25%\"><a href=\"https:\/\/menton.is\/index.php\/kennarar\/audur-margret-sigurdardottir\/\">Au\u00f0ur Margr\u00e9t Sigur\u00f0ard\u00f3ttir<\/a><\/td>\r\n    <td width=\"25%\"> Fj\u00e1rm\u00e1lastj\u00f3ri,  <\/td> \r\n  <\/tr>\r\n<table style=\"width:100%\">\r\n  <tr>\r\n    <td width=\"25%\"><a href=\"https:\/\/menton.is\/index.php\/kennarar\/birgir-bragason\/\">Birgir Bragason<\/a><\/td>\r\n    <td width=\"25%\"> Rafbassi,  <\/td> \r\n  <\/tr>\r\n<table style=\"width:100%\">\r\n  <tr>\r\n    <td width=\"25%\"><a href=\"https:\/\/menton.is\/index.php\/kennarar\/birkir-orn-hafsteinsson\/\">Birkir \u00d6rn Hafsteinsson<\/a><\/td>\r\n    <td width=\"25%\"> Klar\u00ednetta,  <\/td> \r\n  <\/tr>\r\n<table style=\"width:100%\">\r\n  <tr>\r\n    <td width=\"25%\"><a href=\"https:\/\/menton.is\/index.php\/kennarar\/birna-hallgrimsdottir\/\">Birna Hallgr\u00edmsd\u00f3ttir<\/a><\/td>\r\n    <td width=\"25%\"> P\u00edan\u00f3,  <\/td> \r\n  <\/tr>\r\n<table style=\"width:100%\">\r\n  <tr>\r\n    <td width=\"25%\"><a href=\"https:\/\/menton.is\/index.php\/kennarar\/bryndis-palsdottir\/\">Brynd\u00eds P\u00e1lsd\u00f3ttir<\/a><\/td>\r\n    <td width=\"25%\"> Fi\u00f0la,  <\/td> \r\n  <\/tr>\r\n<table style=\"width:100%\">\r\n  <tr>\r\n    <td width=\"25%\"><a href=\"https:\/\/menton.is\/index.php\/kennarar\/curver-thoroddsen\/\">Curver Thoroddsen<\/a><\/td>\r\n    <td width=\"25%\"> Fr\u00e6\u00f0igreinar,   Raft\u00f3nlist,  <\/td> \r\n  <\/tr>\r\n<table style=\"width:100%\">\r\n  <tr>\r\n    <td width=\"25%\"><a href=\"https:\/\/menton.is\/index.php\/kennarar\/david-bobroff\/\">David Bobroff<\/a><\/td>\r\n    <td width=\"25%\"> B\u00e1s\u00fana,  <\/td> \r\n  <\/tr>\r\n<table style=\"width:100%\">\r\n  <tr>\r\n    <td width=\"25%\"><a href=\"https:\/\/menton.is\/index.php\/kennarar\/einar-valur-scheving\/\">Einar Valur Scheving<\/a><\/td>\r\n    <td width=\"25%\"> Slagverk,  <\/td> \r\n  <\/tr>\r\n<table style=\"width:100%\">\r\n  <tr>\r\n    <td width=\"25%\"><a href=\"https:\/\/menton.is\/index.php\/kennarar\/eirikur-orn-palsson\/\">Eir\u00edkur \u00d6rn P\u00e1lsson<\/a><\/td>\r\n    <td width=\"25%\"> Trompet,  <\/td> \r\n  <\/tr>\r\n<table style=\"width:100%\">\r\n  <tr>\r\n    <td width=\"25%\"><a href=\"https:\/\/menton.is\/index.php\/kennarar\/eirikur-rafn-stefansson\/\">Eir\u00edkur Rafn Stef\u00e1nsson<\/a><\/td>\r\n    <td width=\"25%\"> Fr\u00e6\u00f0igreinar,  <\/td> \r\n  <\/tr>\r\n<table style=\"width:100%\">\r\n  <tr>\r\n    <td width=\"25%\"><a href=\"https:\/\/menton.is\/index.php\/kennarar\/emilia-ros-sigfusdottir\/\">Emil\u00eda R\u00f3s Sigf\u00fasd\u00f3ttir<\/a><\/td>\r\n    <td width=\"25%\"> Flauta,  <\/td> \r\n  <\/tr>\r\n<table style=\"width:100%\">\r\n  <tr>\r\n    <td width=\"25%\"><a href=\"https:\/\/menton.is\/index.php\/kennarar\/erik-qvick\/\">Erik Robert Qvick<\/a><\/td>\r\n    <td width=\"25%\"> Slagverk,  <\/td> \r\n  <\/tr>\r\n<table style=\"width:100%\">\r\n  <tr>\r\n    <td width=\"25%\"><a href=\"https:\/\/menton.is\/index.php\/kennarar\/freyja-gunnlaugsdottir\/\">Freyja Gunnlaugsd\u00f3ttir<\/a><\/td>\r\n    <td width=\"25%\"> Sk\u00f3lameistari M\u00edt,  <\/td> \r\n  <\/tr>\r\n<table style=\"width:100%\">\r\n  <tr>\r\n    <td width=\"25%\"><a href=\"https:\/\/menton.is\/index.php\/kennarar\/gudlaug-drofn-olafsdottir\/\">Gu\u00f0laug Dr\u00f6fn \u00d3lafsd\u00f3ttir<\/a><\/td>\r\n    <td width=\"25%\"> Jazz-s\u00f6ngur,  <\/td> \r\n  <\/tr>\r\n<table style=\"width:100%\">\r\n  <tr>\r\n    <td width=\"25%\"><a href=\"https:\/\/menton.is\/index.php\/kennarar\/gudrun-oskarsdottir\/\">Gu\u00f0r\u00fan \u00d3skarsd\u00f3ttir<\/a><\/td>\r\n    <td width=\"25%\"> Semball,  <\/td> \r\n  <\/tr>\r\n<table style=\"width:100%\">\r\n  <tr>\r\n    <td width=\"25%\"><a href=\"https:\/\/menton.is\/index.php\/kennarar\/gunnar-kvaran-hrafnsson\/\">Gunnar Kvaran Hrafnsson<\/a><\/td>\r\n    <td width=\"25%\"> Fr\u00e6\u00f0igreinar,   Rafbassi,  <\/td> \r\n  <\/tr>\r\n<table style=\"width:100%\">\r\n  <tr>\r\n    <td width=\"25%\"><a href=\"https:\/\/menton.is\/index.php\/kennarar\/gunnhildur-einarsdottir\/\">Gunnhildur Einarsd\u00f3ttir<\/a><\/td>\r\n    <td width=\"25%\"> Deildarstj\u00f3ri klass\u00edsk deild,   Fr\u00e6\u00f0igreinar,   Harpa,  <\/td> \r\n  <\/tr>\r\n<table style=\"width:100%\">\r\n  <tr>\r\n    <td width=\"25%\"><a href=\"https:\/\/menton.is\/index.php\/kennarar\/haukur-freyr-grondal\/\">Haukur Freyr Gr\u00f6ndal<\/a><\/td>\r\n    <td width=\"25%\"> Klarinett,  <\/td> \r\n  <\/tr>\r\n<table style=\"width:100%\">\r\n  <tr>\r\n    <td width=\"25%\"><a href=\"https:\/\/menton.is\/index.php\/kennarar\/havardur-tryggvason\/\">H\u00e1var\u00f0ur Tryggvason<\/a><\/td>\r\n    <td width=\"25%\"> Kontrabassi,  <\/td> \r\n  <\/tr>\r\n<table style=\"width:100%\">\r\n  <tr>\r\n    <td width=\"25%\"><a href=\"https:\/\/menton.is\/index.php\/kennarar\/herdis-agusta-linnet\/\">Herd\u00eds \u00c1g\u00fasta Linnet<\/a><\/td>\r\n    <td width=\"25%\"> Me\u00f0leikur,  <\/td> \r\n  <\/tr>\r\n<table style=\"width:100%\">\r\n  <tr>\r\n    <td width=\"25%\"><a href=\"https:\/\/menton.is\/index.php\/kennarar\/hilmar-jensson\/\">Hilmar Jensson<\/a><\/td>\r\n    <td width=\"25%\"> Rafg\u00edtar-snarstefjun,  <\/td> \r\n  <\/tr>\r\n<table style=\"width:100%\">\r\n  <tr>\r\n    <td width=\"25%\"><a href=\"https:\/\/menton.is\/index.php\/kennarar\/hjortur-ingvi-johannsson\/\">Hj\u00f6rtur Ingvi J\u00f3hannsson<\/a><\/td>\r\n    <td width=\"25%\"> Me\u00f0leikur,   P\u00edan\u00f3,  <\/td> \r\n  <\/tr>\r\n<table style=\"width:100%\">\r\n  <tr>\r\n    <td width=\"25%\"><a href=\"https:\/\/menton.is\/index.php\/kennarar\/hronn-thrainsdottir\/\">Hr\u00f6nn \u00der\u00e1insd\u00f3ttir<\/a><\/td>\r\n    <td width=\"25%\"> Me\u00f0leikur,  <\/td> \r\n  <\/tr>\r\n<table style=\"width:100%\">\r\n  <tr>\r\n    <td width=\"25%\"><a href=\"https:\/\/menton.is\/index.php\/kennarar\/ingi-bjarni-skulason\/\">Ingi Bjarni Sk\u00falason<\/a><\/td>\r\n    <td width=\"25%\"> Fr\u00e6\u00f0igreinar,   Jazzp\u00edan\u00f3,   T\u00f3nsm\u00ed\u00f0ar,  <\/td> \r\n  <\/tr>\r\n<table style=\"width:100%\">\r\n  <tr>\r\n    <td width=\"25%\"><a href=\"https:\/\/menton.is\/index.php\/kennarar\/ingvar-alfredsson\/\">Ingvar Alfre\u00f0sson<\/a><\/td>\r\n    <td width=\"25%\"> Jazzp\u00edan\u00f3,  <\/td> \r\n  <\/tr>\r\n<table style=\"width:100%\">\r\n  <tr>\r\n    <td width=\"25%\"><a href=\"https:\/\/menton.is\/index.php\/kennarar\/jane-ade-sutarjo\/\">Jane Ade Sutarjo<\/a><\/td>\r\n    <td width=\"25%\"> Me\u00f0leikur,  <\/td> \r\n  <\/tr>\r\n<table style=\"width:100%\">\r\n  <tr>\r\n    <td width=\"25%\"><a href=\"https:\/\/menton.is\/index.php\/kennarar\/johanna-gudridur-linnet\/\">J\u00f3hanna Gu\u00f0r\u00ed\u00f0ur Linnet<\/a><\/td>\r\n    <td width=\"25%\"> Jazz-s\u00f6ngur,  <\/td> \r\n  <\/tr>\r\n<table style=\"width:100%\">\r\n  <tr>\r\n    <td width=\"25%\"><a href=\"https:\/\/menton.is\/index.php\/kennarar\/joseph-ognibene\/\">Joseph Ognibene<\/a><\/td>\r\n    <td width=\"25%\"> Horn,   M\u00e1lmbl\u00e1sarasveit,  <\/td> \r\n  <\/tr>\r\n<table style=\"width:100%\">\r\n  <tr>\r\n    <td width=\"25%\"><a href=\"https:\/\/menton.is\/index.php\/kennarar\/kjartan-valdemarsson\/\">Kjartan Valdemarsson<\/a><\/td>\r\n    <td width=\"25%\"> Jazzp\u00edan\u00f3,  <\/td> \r\n  <\/tr>\r\n<table style=\"width:100%\">\r\n  <tr>\r\n    <td width=\"25%\"><a href=\"https:\/\/menton.is\/index.php\/kennarar\/kristinn-orn-kristinsson\/\">Kristinn \u00d6rn Kristinsson<\/a><\/td>\r\n    <td width=\"25%\"> P\u00edan\u00f3,  <\/td> \r\n  <\/tr>\r\n<table style=\"width:100%\">\r\n  <tr>\r\n    <td width=\"25%\"><a href=\"https:\/\/menton.is\/index.php\/kennarar\/kristjan-karl-bragason\/\">Kristj\u00e1n Karl Bragason<\/a><\/td>\r\n    <td width=\"25%\"> P\u00edan\u00f3,  <\/td> \r\n  <\/tr>\r\n<table style=\"width:100%\">\r\n  <tr>\r\n    <td width=\"25%\"><a href=\"https:\/\/menton.is\/index.php\/kennarar\/magnea-arnadottir\/\">Magnea \u00c1rnad\u00f3ttir<\/a><\/td>\r\n    <td width=\"25%\"> \u00deverflauta,  <\/td> \r\n  <\/tr>\r\n<table style=\"width:100%\">\r\n  <tr>\r\n    <td width=\"25%\"><a href=\"https:\/\/menton.is\/index.php\/kennarar\/maria-magnusdottir\/\">Mar\u00eda Magn\u00fasd\u00f3ttir<\/a><\/td>\r\n    <td width=\"25%\"> Jazz-s\u00f6ngur,  <\/td> \r\n  <\/tr>\r\n<table style=\"width:100%\">\r\n  <tr>\r\n    <td width=\"25%\"><a href=\"https:\/\/menton.is\/index.php\/kennarar\/matthias-birgir-vincent-nardeau\/\">Matth\u00edas Birgir Vincent Nardeau<\/a><\/td>\r\n    <td width=\"25%\"> \u00d3b\u00f3,  <\/td> \r\n  <\/tr>\r\n<table style=\"width:100%\">\r\n  <tr>\r\n    <td width=\"25%\"><a href=\"https:\/\/menton.is\/index.php\/kennarar\/matthias-engler\/\">Matthias Engler<\/a><\/td>\r\n    <td width=\"25%\"> Slagverk,  <\/td> \r\n  <\/tr>\r\n<table style=\"width:100%\">\r\n  <tr>\r\n    <td width=\"25%\"><a href=\"https:\/\/menton.is\/index.php\/kennarar\/matthias-m-d-hemstock\/\">Matth\u00edas M. D. Hemstock<\/a><\/td>\r\n    <td width=\"25%\"> Slagverk,  <\/td> \r\n  <\/tr>\r\n<table style=\"width:100%\">\r\n  <tr>\r\n    <td width=\"25%\"><a href=\"https:\/\/menton.is\/index.php\/kennarar\/nina-bjorg-njalsdottir\/\">N\u00edna Bj\u00f6rg Nj\u00e1lsd\u00f3ttir<\/a><\/td>\r\n    <td width=\"25%\"> Sk\u00f3laritari M\u00edt,  <\/td> \r\n  <\/tr>\r\n<table style=\"width:100%\">\r\n  <tr>\r\n    <td width=\"25%\"><a href=\"https:\/\/menton.is\/index.php\/kennarar\/olafur-jonsson\/\">\u00d3lafur J\u00f3nsson<\/a><\/td>\r\n    <td width=\"25%\"> Fr\u00e6\u00f0igreinar,   Sax\u00f3f\u00f3nn,  <\/td> \r\n  <\/tr>\r\n<table style=\"width:100%\">\r\n  <tr>\r\n    <td width=\"25%\"><a href=\"https:\/\/menton.is\/index.php\/kennarar\/peter-mate\/\">Peter M\u00e1t\u00e9<\/a><\/td>\r\n    <td width=\"25%\"> P\u00edan\u00f3,  <\/td> \r\n  <\/tr>\r\n<table style=\"width:100%\">\r\n  <tr>\r\n    <td width=\"25%\"><a href=\"https:\/\/menton.is\/index.php\/kennarar\/rebekka-blondal\/\">Rebekka Bl\u00f6ndal<\/a><\/td>\r\n    <td width=\"25%\"> Fr\u00e6\u00f0igreinar,   Rytm\u00edskur s\u00f6ngur,  <\/td> \r\n  <\/tr>\r\n<table style=\"width:100%\">\r\n  <tr>\r\n    <td width=\"25%\"><a href=\"https:\/\/menton.is\/index.php\/kennarar\/rikhardur-h-fridriksson\/\">R\u00edkhar\u00f0ur H. Fri\u00f0riksson<\/a><\/td>\r\n    <td width=\"25%\"> Fr\u00e6\u00f0igreinar,  <\/td> \r\n  <\/tr>\r\n<table style=\"width:100%\">\r\n  <tr>\r\n    <td width=\"25%\"><a href=\"https:\/\/menton.is\/index.php\/kennarar\/samuel-j-samuelsson\/\">Sam\u00fael J. Sam\u00faelsson<\/a><\/td>\r\n    <td width=\"25%\"> Big band,   Samspil,  <\/td> \r\n  <\/tr>\r\n<table style=\"width:100%\">\r\n  <tr>\r\n    <td width=\"25%\"><a href=\"https:\/\/menton.is\/index.php\/kennarar\/sif-margret-tulinius\/\">Sif Margr\u00e9t Tulinius<\/a><\/td>\r\n    <td width=\"25%\"> Fi\u00f0la,  <\/td> \r\n  <\/tr>\r\n<table style=\"width:100%\">\r\n  <tr>\r\n    <td width=\"25%\"><a href=\"https:\/\/menton.is\/index.php\/kennarar\/sigrun-hjalmtysdottir\/\">Sigr\u00fan Hj\u00e1lmt\u00fdsd\u00f3ttir<\/a><\/td>\r\n    <td width=\"25%\"> Klass\u00edskur s\u00f6ngur,  <\/td> \r\n  <\/tr>\r\n<table style=\"width:100%\">\r\n  <tr>\r\n    <td width=\"25%\"><a href=\"https:\/\/menton.is\/index.php\/kennarar\/sigrun-kristbjorg-jonsdottir\/\">Sigr\u00fan Kristbj\u00f6rg J\u00f3nsd\u00f3ttir<\/a><\/td>\r\n    <td width=\"25%\"> Rytm\u00edsk b\u00e1s\u00fana,  <\/td> \r\n  <\/tr>\r\n<table style=\"width:100%\">\r\n  <tr>\r\n    <td width=\"25%\"><a href=\"https:\/\/menton.is\/index.php\/kennarar\/sigurdur-bjarki-gunnarsson\/\">Sigur\u00f0ur Bjarki Gunnarsson<\/a><\/td>\r\n    <td width=\"25%\"> kammert\u00f3nlist,  <\/td> \r\n  <\/tr>\r\n<table style=\"width:100%\">\r\n  <tr>\r\n    <td width=\"25%\"><a href=\"https:\/\/menton.is\/index.php\/kennarar\/sigurdur-flosason\/\">Sigur\u00f0ur Flosason<\/a><\/td>\r\n    <td width=\"25%\"> Sax\u00f3f\u00f3nn,  <\/td> \r\n  <\/tr>\r\n<table style=\"width:100%\">\r\n  <tr>\r\n    <td width=\"25%\"><a href=\"https:\/\/menton.is\/index.php\/kennarar\/sigurgeir-agnarsson\/\">Sigurgeir Agnarsson<\/a><\/td>\r\n    <td width=\"25%\"> Sell\u00f3,  <\/td> \r\n  <\/tr>\r\n<table style=\"width:100%\">\r\n  <tr>\r\n    <td width=\"25%\"><a href=\"https:\/\/menton.is\/index.php\/kennarar\/4755\/\">S\u00edmon Karl Sigur\u00f0arson Melste\u00f0<\/a><\/td>\r\n    <td width=\"25%\"> Fr\u00e6\u00f0igreinar,  <\/td> \r\n  <\/tr>\r\n<table style=\"width:100%\">\r\n  <tr>\r\n    <td width=\"25%\"><a href=\"https:\/\/menton.is\/index.php\/kennarar\/snorri-sigurdarson\/\">Snorri Sigur\u00f0arson<\/a><\/td>\r\n    <td width=\"25%\"> Big band,   Samspil,   Trompet,  <\/td> \r\n  <\/tr>\r\n<table style=\"width:100%\">\r\n  <tr>\r\n    <td width=\"25%\"><a href=\"https:\/\/menton.is\/index.php\/kennarar\/soley-stefansdottir\/\">S\u00f3ley Stef\u00e1nsd\u00f3ttir<\/a><\/td>\r\n    <td width=\"25%\"> Fr\u00e6\u00f0igreinar,   Samspil,  <\/td> \r\n  <\/tr>\r\n<table style=\"width:100%\">\r\n  <tr>\r\n    <td width=\"25%\"><a href=\"https:\/\/menton.is\/index.php\/kennarar\/solrun-hedda-benedikz\/\">S\u00f3lr\u00fan Hedda Benedikz<\/a><\/td>\r\n    <td width=\"25%\"> B\u00f3kasafnsv\u00f6r\u00f0ur,  <\/td> \r\n  <\/tr>\r\n<table style=\"width:100%\">\r\n  <tr>\r\n    <td width=\"25%\"><a href=\"https:\/\/menton.is\/index.php\/kennarar\/solrun-sumarlidadottir\/\">S\u00f3lr\u00fan Sumarli\u00f0ad\u00f3ttir<\/a><\/td>\r\n    <td width=\"25%\"> A\u00f0sto\u00f0arsk\u00f3lameistari M\u00edt,  <\/td> \r\n  <\/tr>\r\n<table style=\"width:100%\">\r\n  <tr>\r\n    <td width=\"25%\"><a href=\"https:\/\/menton.is\/index.php\/kennarar\/stefanus-van-oosterhout\/\">Stefanus van Oosterhout<\/a><\/td>\r\n    <td width=\"25%\"> Slagverk,  <\/td> \r\n  <\/tr>\r\n<table style=\"width:100%\">\r\n  <tr>\r\n    <td width=\"25%\"><a href=\"https:\/\/menton.is\/index.php\/kennarar\/svanur-vilbergsson\/\">Svanur Vilbergsson<\/a><\/td>\r\n    <td width=\"25%\"> G\u00edtar,  <\/td> \r\n  <\/tr>\r\n<table style=\"width:100%\">\r\n  <tr>\r\n    <td width=\"25%\"><a href=\"https:\/\/menton.is\/index.php\/kennarar\/svava-berhardsdottir\/\">Svava Berhar\u00f0sd\u00f3ttir<\/a><\/td>\r\n    <td width=\"25%\"> kammert\u00f3nlist,   V\u00ed\u00f3la,  <\/td> \r\n  <\/tr>\r\n<table style=\"width:100%\">\r\n  <tr>\r\n    <td width=\"25%\"><a href=\"https:\/\/menton.is\/index.php\/kennarar\/ulfar-ingi-haraldsson\/\">\u00dalfar Ingi Haraldsson<\/a><\/td>\r\n    <td width=\"25%\"> Fr\u00e6\u00f0igreinar,  <\/td> \r\n  <\/tr>\r\n<table style=\"width:100%\">\r\n  <tr>\r\n    <td width=\"25%\"><a href=\"https:\/\/menton.is\/index.php\/kennarar\/vignir-thor-stefansson\/\">Vignir \u00de\u00f3r Stef\u00e1nsson<\/a><\/td>\r\n    <td width=\"25%\"> Fr\u00e6\u00f0igreinar,   Jazzp\u00edan\u00f3,  <\/td> \r\n  <\/tr>\r\n<table style=\"width:100%\">\r\n  <tr>\r\n    <td width=\"25%\"><a href=\"https:\/\/menton.is\/index.php\/kennarar\/thora-bjort-sveinsdottir\/\">\u00de\u00f3ra Bj\u00f6rt Sveinsd\u00f3ttir<\/a><\/td>\r\n    <td width=\"25%\"> \u00c1fangastj\u00f3ri,   N\u00e1msr\u00e1\u00f0gjafi,   Umsj\u00f3n st\u00fadentsbrauta M\u00cdT,  <\/td> \r\n  <\/tr>\r\n<table style=\"width:100%\">\r\n  <tr>\r\n    <td width=\"25%\"><a href=\"https:\/\/menton.is\/index.php\/kennarar\/thora-kristin-gunnarsdottir\/\">\u00de\u00f3ra Krist\u00edn Gunnarsd\u00f3ttir<\/a><\/td>\r\n    <td width=\"25%\"> Me\u00f0leikur,  <\/td> \r\n  <\/tr>\r\n<table style=\"width:100%\">\r\n  <tr>\r\n    <td width=\"25%\"><a href=\"https:\/\/menton.is\/index.php\/kennarar\/thorgrimur-jonsson\/\">\u00deorgr\u00edmur J\u00f3nsson<\/a><\/td>\r\n    <td width=\"25%\"> Rafbassi,  <\/td> \r\n  <\/tr>\r\n<table style=\"width:100%\">\r\n  <tr>\r\n    <td width=\"25%\"><a href=\"https:\/\/menton.is\/index.php\/kennarar\/thorhildur-bjornsdottir\/\">\u00de\u00f3rhildur Bj\u00f6rnsd\u00f3ttir<\/a><\/td>\r\n    <td width=\"25%\"> P\u00edan\u00f3,  <\/td> \r\n  <\/tr>\r\n<table style=\"width:100%\">\r\n  <tr>\r\n    <td width=\"25%\"><a href=\"https:\/\/menton.is\/index.php\/kennarar\/thorir-johannsson\/\">\u00de\u00f3rir J\u00f3hannsson<\/a><\/td>\r\n    <td width=\"25%\"> Kontrabassi,  <\/td> \r\n  <\/tr>\r\n<table style=\"width:100%\">\r\n  <tr>\r\n    <td width=\"25%\"><a href=\"https:\/\/menton.is\/index.php\/kennarar\/thorunn-gudmundsdottir\/\">\u00de\u00f3runn Gu\u00f0mundsd\u00f3ttir<\/a><\/td>\r\n    <td width=\"25%\"> Klass\u00edskur s\u00f6ngur,  <\/td> \r\n  <\/tr>\r\n<table style=\"width:100%\">\r\n  <tr>\r\n    <td width=\"25%\"><a href=\"https:\/\/menton.is\/index.php\/kennarar\/thorunn-osk-marinosdottir\/\">\u00de\u00f3runn \u00d3sk Marin\u00f3sd\u00f3ttir<\/a><\/td>\r\n    <td width=\"25%\"> V\u00ed\u00f3la,  <\/td> \r\n  <\/tr>\r\n<table style=\"width:100%\">\r\n  <tr>\r\n    <td width=\"25%\"><a href=\"https:\/\/menton.is\/index.php\/kennarar\/thrainn-hjalmarsson\/\">\u00der\u00e1inn Hj\u00e1lmarsson<\/a><\/td>\r\n    <td width=\"25%\"> Fr\u00e6\u00f0igreinar,  <\/td> \r\n  <\/tr>\r\n<\/table><\/div>\n<\/div><div class=\"fusion-clearfix\"><\/div><\/div><\/div><\/div><\/div><\/p>\n","protected":false},"excerpt":{"rendered":"","protected":false},"author":1,"featured_media":0,"parent":0,"menu_order":0,"comment_status":"closed","ping_status":"closed","template":"","meta":{"footnotes":""},"class_list":["post-8","page","type-page","status-publish","hentry"],"_links":{"self":[{"href":"https:\/\/menton.is\/index.php\/wp-json\/wp\/v2\/pages\/8","targetHints":{"allow":["GET"]}}],"collection":[{"href":"https:\/\/menton.is\/index.php\/wp-json\/wp\/v2\/pages"}],"about":[{"href":"https:\/\/menton.is\/index.php\/wp-json\/wp\/v2\/types\/page"}],"author":[{"embeddable":true,"href":"https:\/\/menton.is\/index.php\/wp-json\/wp\/v2\/users\/1"}],"replies":[{"embeddable":true,"href":"https:\/\/menton.is\/index.php\/wp-json\/wp\/v2\/comments?post=8"}],"version-history":[{"count":32,"href":"https:\/\/menton.is\/index.php\/wp-json\/wp\/v2\/pages\/8\/revisions"}],"predecessor-version":[{"id":5012,"href":"https:\/\/menton.is\/index.php\/wp-json\/wp\/v2\/pages\/8\/revisions\/5012"}],"wp:attachment":[{"href":"https:\/\/menton.is\/index.php\/wp-json\/wp\/v2\/media?parent=8"}],"curies":[{"name":"wp","href":"https:\/\/api.w.org\/{rel}","templated":true}]}}