{"id":697,"date":"2017-01-07T14:43:27","date_gmt":"2017-01-07T14:43:27","guid":{"rendered":"http:\/\/menton.is\/?page_id=697"},"modified":"2025-06-04T10:36:18","modified_gmt":"2025-06-04T10:36:18","slug":"gjaldskra","status":"publish","type":"page","link":"https:\/\/menton.is\/index.php\/gjaldskra\/","title":{"rendered":"Gjaldskr\u00e1"},"content":{"rendered":"<div class=\"fusion-fullwidth fullwidth-box fusion-builder-row-1 nonhundred-percent-fullwidth non-hundred-percent-height-scrolling\" style=\"background-color: rgba(255,255,255,0);background-position: left top;background-repeat: no-repeat;padding-top:20px;padding-right:0px;padding-bottom:20px;padding-left:0px;margin-bottom: 0px;margin-top: 0px;border-width: 0px 0px 0px 0px;border-color:#eae9e9;border-style:solid;\" ><div class=\"fusion-builder-row fusion-row\"><div class=\"fusion-layout-column fusion_builder_column fusion-builder-column-0 fusion_builder_column_1_2 1_2 fusion-one-half fusion-column-first\" style=\"width:48%; margin-right: 4%;margin-top:0px;margin-bottom:20px;\"><div class=\"fusion-column-wrapper fusion-flex-column-wrapper-legacy\" style=\"background-position:left top;background-repeat:no-repeat;-webkit-background-size:cover;-moz-background-size:cover;-o-background-size:cover;background-size:cover;padding: 0px 0px 0px 0px;\"><div class=\"fusion-text fusion-text-1\" style=\"transform:translate3d(0,0,0);\"><h2>Gjaldskr\u00e1<\/h2>\n<\/div><div class=\"fusion-text fusion-text-2\" style=\"transform:translate3d(0,0,0);\"><p><strong>Gjaldskr\u00e1 sk\u00f3la\u00e1ri\u00f0 2025-2026<\/strong><\/p>\n<p>Gjaldskr\u00e1 \u00feessi byggist \u00e1 45. gr. laga um framhaldssk\u00f3la nr. 92\/2008 \u00e1samt regluger\u00f0 nr. 614\/2009 um gjaldt\u00f6kuheimildir opinberra framhaldssk\u00f3la.<\/p>\n<p><strong>Ver\u00f0in mi\u00f0ast vi\u00f0 tv\u00e6r annir:<br \/>\n<\/strong><\/p>\n<hr \/>\n<p><strong>N\u00e1m \u00e1 st\u00fadentsbrautum:<\/strong> kr. 190.000<\/p>\n<hr \/>\n<p><strong>N\u00e1m \u00e1 almennum brautum (n\u00e1mslok \u00e1 3. h\u00e6fni\u00ferepi):<\/strong> kr. 240.000<\/p>\n<hr \/>\n<p><strong>Gestan\u00e1m \u00ed fr\u00e6\u00f0igreinum\u00a0 (ver\u00f0 fyrir eina \u00f6nn)<\/strong><\/p>\n<p>1. n\u00e1msgrein kr. 25.000<br \/>\n2. n\u00e1msgrein kr. 20.000<br \/>\n3. n\u00e1msgrein kr. 17.500<\/p>\n<p><strong>Veittur er 20% systkinaafsl\u00e1ttur fyrir nemendur \u00ed fullu n\u00e1mi.<\/strong><\/p>\n<p>Athugi\u00f0 a\u00f0<strong> fr\u00edstundastyrkurinn<\/strong> gildir <strong>ekki<\/strong>\u00a0 sem grei\u00f0sla upp \u00ed sk\u00f3lagj\u00f6ld vi\u00f0 Menntask\u00f3la \u00ed t\u00f3nlist.<\/p>\n<\/div><div class=\"fusion-clearfix\"><\/div><\/div><\/div><div class=\"fusion-layout-column fusion_builder_column fusion-builder-column-1 fusion_builder_column_1_2 1_2 fusion-one-half fusion-column-last\" style=\"width:48%;margin-top:0px;margin-bottom:20px;\"><div class=\"fusion-column-wrapper fusion-flex-column-wrapper-legacy\" style=\"background-position:left top;background-repeat:no-repeat;-webkit-background-size:cover;-moz-background-size:cover;-o-background-size:cover;background-size:cover;padding: 0px 0px 0px 0px;\"><span class=\" fusion-imageframe imageframe-none imageframe-1 hover-type-none\"><img decoding=\"async\" width=\"550\" height=\"411\" title=\"gitar2_550px\" src=\"http:\/\/menton.is\/wp-content\/uploads\/2017\/01\/gitar2_550px.jpg\" class=\"img-responsive wp-image-1730\" srcset=\"https:\/\/menton.is\/wp-content\/uploads\/2017\/01\/gitar2_550px-200x149.jpg 200w, https:\/\/menton.is\/wp-content\/uploads\/2017\/01\/gitar2_550px-400x299.jpg 400w, https:\/\/menton.is\/wp-content\/uploads\/2017\/01\/gitar2_550px.jpg 550w\" sizes=\"(max-width: 800px) 100vw, 550px\" \/><\/span><div class=\"fusion-clearfix\"><\/div><\/div><\/div><\/div><\/div>\n","protected":false},"excerpt":{"rendered":"","protected":false},"author":1,"featured_media":0,"parent":0,"menu_order":0,"comment_status":"closed","ping_status":"closed","template":"","meta":{"footnotes":""},"class_list":["post-697","page","type-page","status-publish","hentry"],"_links":{"self":[{"href":"https:\/\/menton.is\/index.php\/wp-json\/wp\/v2\/pages\/697","targetHints":{"allow":["GET"]}}],"collection":[{"href":"https:\/\/menton.is\/index.php\/wp-json\/wp\/v2\/pages"}],"about":[{"href":"https:\/\/menton.is\/index.php\/wp-json\/wp\/v2\/types\/page"}],"author":[{"embeddable":true,"href":"https:\/\/menton.is\/index.php\/wp-json\/wp\/v2\/users\/1"}],"replies":[{"embeddable":true,"href":"https:\/\/menton.is\/index.php\/wp-json\/wp\/v2\/comments?post=697"}],"version-history":[{"count":34,"href":"https:\/\/menton.is\/index.php\/wp-json\/wp\/v2\/pages\/697\/revisions"}],"predecessor-version":[{"id":5029,"href":"https:\/\/menton.is\/index.php\/wp-json\/wp\/v2\/pages\/697\/revisions\/5029"}],"wp:attachment":[{"href":"https:\/\/menton.is\/index.php\/wp-json\/wp\/v2\/media?parent=697"}],"curies":[{"name":"wp","href":"https:\/\/api.w.org\/{rel}","templated":true}]}}