{"id":4294,"date":"2022-09-28T11:33:59","date_gmt":"2022-09-28T11:33:59","guid":{"rendered":"http:\/\/menton.is\/?page_id=4294"},"modified":"2024-09-03T12:07:41","modified_gmt":"2024-09-03T12:07:41","slug":"felog-og-rad-innan-mit","status":"publish","type":"page","link":"https:\/\/menton.is\/index.php\/felog-og-rad-innan-mit\/","title":{"rendered":"F\u00e9l\u00f6g og r\u00e1\u00f0 innan M\u00cdT"},"content":{"rendered":"<p><div class=\"fusion-fullwidth fullwidth-box fusion-builder-row-1 nonhundred-percent-fullwidth non-hundred-percent-height-scrolling\" style=\"background-color: rgba(255,255,255,0);background-position: center center;background-repeat: no-repeat;padding-top:0px;padding-right:0px;padding-bottom:0px;padding-left:0px;margin-bottom: 0px;margin-top: 0px;border-width: 0px 0px 0px 0px;border-color:#eae9e9;border-style:solid;\" ><div class=\"fusion-builder-row fusion-row\"><div class=\"fusion-layout-column fusion_builder_column fusion-builder-column-0 fusion_builder_column_1_1 1_1 fusion-one-full fusion-column-first fusion-column-last\" style=\"margin-top:0px;margin-bottom:0px;\"><div class=\"fusion-column-wrapper fusion-flex-column-wrapper-legacy\" style=\"background-position:left top;background-repeat:no-repeat;-webkit-background-size:cover;-moz-background-size:cover;-o-background-size:cover;background-size:cover;padding: 0px 0px 0px 0px;\"><div class=\"fusion-text fusion-text-1\" style=\"transform:translate3d(0,0,0);\"><h2>F\u00e9l\u00f6g og r\u00e1\u00f0 innan M\u00cdT sk\u00f3la\u00e1ri\u00f0 2024-2025<\/h2>\n<\/div><div class=\"fusion-clearfix\"><\/div><\/div><\/div><\/div><\/div><div class=\"fusion-fullwidth fullwidth-box fusion-builder-row-2 nonhundred-percent-fullwidth non-hundred-percent-height-scrolling\" style=\"background-color: rgba(255,255,255,0);background-position: center center;background-repeat: no-repeat;padding-top:0px;padding-right:0px;padding-bottom:0px;padding-left:0px;margin-bottom: 0px;margin-top: 0px;border-width: 0px 0px 0px 0px;border-color:#eae9e9;border-style:solid;\" ><div class=\"fusion-builder-row fusion-row\"><div class=\"fusion-layout-column fusion_builder_column fusion-builder-column-1 fusion_builder_column_1_1 1_1 fusion-one-full fusion-column-first fusion-column-last\" style=\"margin-top:0px;margin-bottom:0px;\"><div class=\"fusion-column-wrapper fusion-flex-column-wrapper-legacy\" style=\"background-position:left top;background-repeat:no-repeat;-webkit-background-size:cover;-moz-background-size:cover;-o-background-size:cover;background-size:cover;padding: 0px 0px 0px 0px;\"><div class=\"fusion-text fusion-text-2\" style=\"transform:translate3d(0,0,0);\"><h2>Nemendaf\u00e9lag M\u00cdT<\/h2>\n<div>\n<p>Forma\u00f0ur: \u00c1rd\u00eds Freyja Sigr\u00ed\u00f0ard\u00f3ttir<\/p>\n<p>Varaforma\u00f0ur: Gu\u00f0r\u00fan Lilja \u00d3lafsd\u00f3ttir<\/p>\n<p>Gjaldkeri: Baldur K\u00e1ri Malsch Atlason<\/p>\n<p>Hagsmunafulltr\u00fai: H\u00f6gna S\u00f3lveig Styrmisd\u00f3ttir (<a title=\"mailto:hagsmunafulltruimit@gmail.com\" contenteditable=\"false\" href=\"mailto:hagsmunafulltruimit@gmail.com\" target=\"_blank\" rel=\"noopener\">hagsmunafulltruinfmit@gmail.com<\/a>)<\/p>\n<p>Ritari: Mosi Kristj\u00e1ns<\/p>\n<p>Samf\u00e9lagsmi\u00f0lastj\u00f3ri: Emil Logi Heimisson<\/p>\n<p>Me\u00f0stj\u00f3rnendur: Hilmir \u00de\u00f3r Sn\u00e6land Hafsteinsson, \u00d6rn Kjartansson<\/p>\n<p>Varama\u00f0ur: St\u00edgur Grendal S\u00e6varsson<\/p>\n<\/div>\n<h4 class=\"fusion-responsive-typography-calculated\" data-fontsize=\"16\" data-lineheight=\"20px\"><b>Samf\u00e9lagsmi\u00f0lar:<\/b><\/h4>\n<h4 class=\"fusion-responsive-typography-calculated\" data-fontsize=\"16\" data-lineheight=\"20px\">Netfang: <span style=\"text-decoration: underline;\"><a href=\"mailto:nemendafelagmit@gmail.com\" target=\"_blank\" rel=\"noopener\">nemendafelagmit@gmail.com<\/a><\/span><br \/>\nInstagram: nemomit<br \/>\nFacebook s\u00ed\u00f0a: Nemendaf\u00e9lag M\u00cdT &amp; F\u00cdH<br \/>\nFacebook h\u00f3pur: Nemendaf\u00e9lag M\u00cdT &amp; F\u00cdH<br \/>\nDiscord:\u00a0<span style=\"text-decoration: underline;\"><a href=\"https:\/\/discord.gg\/kha59bbDH2\" target=\"_blank\" rel=\"noopener\">https:\/\/discord.gg\/kha59bbDH2<\/a>\u00a0<\/span><b><br \/>\n<\/b><\/h4>\n<div><strong>Heimas\u00ed\u00f0a:<\/strong> <span style=\"text-decoration: underline;\"><a href=\"http:\/\/nfmit.carrd.co\/\" target=\"_blank\" rel=\"noopener\">nfmit.carrd.co<\/a><\/span><\/div>\n<\/div><div class=\"fusion-sep-clear\"><\/div><div class=\"fusion-separator fusion-full-width-sep\" style=\"margin-left: auto;margin-right: auto;width:100%;\"><div class=\"fusion-separator-border sep-double\" style=\"border-color:#e0dede;border-top-width:1px;border-bottom-width:1px;\"><\/div><\/div><div class=\"fusion-sep-clear\"><\/div><div class=\"fusion-clearfix\"><\/div><\/div><\/div><\/div><\/div><div class=\"fusion-fullwidth fullwidth-box fusion-builder-row-3 nonhundred-percent-fullwidth non-hundred-percent-height-scrolling\" style=\"background-color: rgba(255,255,255,0);background-position: center center;background-repeat: no-repeat;padding-top:0px;padding-right:0px;padding-bottom:0px;padding-left:0px;margin-bottom: 0px;margin-top: 20px;border-width: 0px 0px 0px 0px;border-color:#eae9e9;border-style:solid;\" ><div class=\"fusion-builder-row fusion-row\"><div class=\"fusion-layout-column fusion_builder_column fusion-builder-column-2 fusion_builder_column_1_1 1_1 fusion-one-full fusion-column-first fusion-column-last\" style=\"margin-top:0px;margin-bottom:0px;\"><div class=\"fusion-column-wrapper fusion-flex-column-wrapper-legacy\" style=\"background-position:left top;background-repeat:no-repeat;-webkit-background-size:cover;-moz-background-size:cover;-o-background-size:cover;background-size:cover;padding: 0px 0px 0px 0px;\"><div class=\"fusion-text fusion-text-3\" style=\"transform:translate3d(0,0,0);\"><h2>Foreldrar\u00e1\u00f0 M\u00cdT<\/h2>\n<p class=\"x_MsoNormal\">Au\u00f0ur \u00d6rlygsd\u00f3ttir<\/p>\n<p class=\"x_MsoNormal\">Dan\u00edel Bjarnason<\/p>\n<p class=\"x_MsoNormal\">Hla\u00f0ger\u00f0ur \u00cdris Bj\u00f6rnsd\u00f3ttir<\/p>\n<p class=\"x_MsoNormal\">Ingunn J\u00f3nsd\u00f3ttir<\/p>\n<p class=\"x_MsoNormal\">Karen \u00d3sk \u00dalfarsd\u00f3ttir<\/p>\n<\/div><div class=\"fusion-sep-clear\"><\/div><div class=\"fusion-separator fusion-full-width-sep\" style=\"margin-left: auto;margin-right: auto;width:100%;\"><div class=\"fusion-separator-border sep-double\" style=\"border-color:#e0dede;border-top-width:1px;border-bottom-width:1px;\"><\/div><\/div><div class=\"fusion-sep-clear\"><\/div><div class=\"fusion-clearfix\"><\/div><\/div><\/div><\/div><\/div><div class=\"fusion-fullwidth fullwidth-box fusion-builder-row-4 nonhundred-percent-fullwidth non-hundred-percent-height-scrolling\" style=\"background-color: rgba(255,255,255,0);background-position: center center;background-repeat: no-repeat;padding-top:0px;padding-right:0px;padding-bottom:0px;padding-left:0px;margin-bottom: 0px;margin-top: 20px;border-width: 0px 0px 0px 0px;border-color:#eae9e9;border-style:solid;\" ><div class=\"fusion-builder-row fusion-row\"><div class=\"fusion-layout-column fusion_builder_column fusion-builder-column-3 fusion_builder_column_1_1 1_1 fusion-one-full fusion-column-first fusion-column-last\" style=\"margin-top:0px;margin-bottom:0px;\"><div class=\"fusion-column-wrapper fusion-flex-column-wrapper-legacy\" style=\"background-position:left top;background-repeat:no-repeat;-webkit-background-size:cover;-moz-background-size:cover;-o-background-size:cover;background-size:cover;padding: 0px 0px 0px 0px;\"><div class=\"fusion-text fusion-text-4\" style=\"transform:translate3d(0,0,0);\"><h2>Kennaraf\u00e9lag M\u00cdT<\/h2>\n<p>\u00c1sta Krist\u00edn Pjetursd\u00f3ttir<br \/>\nBj\u00f6rg Brj\u00e1nsd\u00f3ttir<\/p>\n<p><strong>Tr\u00fana\u00f0arma\u00f0ur kennara:<\/strong> Mar\u00eda Magn\u00fasd\u00f3ttir<\/p>\n<\/div><div class=\"fusion-clearfix\"><\/div><\/div><\/div><\/div><\/div><\/p>\n","protected":false},"excerpt":{"rendered":"","protected":false},"author":1,"featured_media":0,"parent":0,"menu_order":0,"comment_status":"closed","ping_status":"closed","template":"","meta":{"footnotes":""},"class_list":["post-4294","page","type-page","status-publish","hentry"],"_links":{"self":[{"href":"https:\/\/menton.is\/index.php\/wp-json\/wp\/v2\/pages\/4294","targetHints":{"allow":["GET"]}}],"collection":[{"href":"https:\/\/menton.is\/index.php\/wp-json\/wp\/v2\/pages"}],"about":[{"href":"https:\/\/menton.is\/index.php\/wp-json\/wp\/v2\/types\/page"}],"author":[{"embeddable":true,"href":"https:\/\/menton.is\/index.php\/wp-json\/wp\/v2\/users\/1"}],"replies":[{"embeddable":true,"href":"https:\/\/menton.is\/index.php\/wp-json\/wp\/v2\/comments?post=4294"}],"version-history":[{"count":17,"href":"https:\/\/menton.is\/index.php\/wp-json\/wp\/v2\/pages\/4294\/revisions"}],"predecessor-version":[{"id":4911,"href":"https:\/\/menton.is\/index.php\/wp-json\/wp\/v2\/pages\/4294\/revisions\/4911"}],"wp:attachment":[{"href":"https:\/\/menton.is\/index.php\/wp-json\/wp\/v2\/media?parent=4294"}],"curies":[{"name":"wp","href":"https:\/\/api.w.org\/{rel}","templated":true}]}}