{"id":10,"date":"2016-03-21T15:48:31","date_gmt":"2016-03-21T15:48:31","guid":{"rendered":"http:\/\/menton.is\/?page_id=10"},"modified":"2023-02-21T09:19:16","modified_gmt":"2023-02-21T09:19:16","slug":"namsbrautir","status":"publish","type":"page","link":"https:\/\/menton.is\/index.php\/namsbrautir\/","title":{"rendered":"N\u00e1msbrautir"},"content":{"rendered":"<p><div class=\"fusion-fullwidth fullwidth-box fusion-builder-row-1 nonhundred-percent-fullwidth non-hundred-percent-height-scrolling\" style=\"background-color: rgba(255,255,255,0);background-position: left top;background-repeat: no-repeat;padding-top:20px;padding-right:40px;padding-bottom:20px;padding-left:20px;border-width: 0px 0px 0px 0px;border-color:#eae9e9;border-style:solid;\" ><div class=\"fusion-builder-row fusion-row\"><div class=\"fusion-layout-column fusion_builder_column fusion-builder-column-0 fusion_builder_column_1_1 1_1 fusion-one-full fusion-column-first fusion-column-last\" style=\"margin-top:0px;margin-bottom:20px;\"><div class=\"fusion-column-wrapper fusion-flex-column-wrapper-legacy\" style=\"background-position:left top;background-repeat:no-repeat;-webkit-background-size:cover;-moz-background-size:cover;-o-background-size:cover;background-size:cover;padding: 0px 0px 0px 0px;\"><div class=\"fusion-text fusion-text-1\" style=\"transform:translate3d(0,0,0);\"><h2>N\u00e1msbrautir<\/h2>\n<\/div><div class=\"fusion-clearfix\"><\/div><\/div><\/div><\/div><\/div><div class=\"fusion-fullwidth fullwidth-box fusion-builder-row-2 nonhundred-percent-fullwidth non-hundred-percent-height-scrolling fusion-equal-height-columns\" style=\"background-color: rgba(255,255,255,0);background-position: center center;background-repeat: no-repeat;padding-top:0px;padding-right:0px;padding-bottom:0px;padding-left:0px;border-width: 0px 0px 0px 0px;border-color:#eae9e9;border-style:solid;\" ><div class=\"fusion-builder-row fusion-row\"><div class=\"fusion-layout-column fusion_builder_column fusion-builder-column-1 fusion_builder_column_1_2 1_2 fusion-one-half fusion-column-first\" style=\"width:48%; margin-right: 4%;margin-top:0px;margin-bottom:20px;\"><div class=\"fusion-column-wrapper fusion-flex-column-wrapper-legacy\" style=\"background-position:left top;background-repeat:no-repeat;-webkit-background-size:cover;-moz-background-size:cover;-o-background-size:cover;background-size:cover;border-radius:7px 7px 7px 7px;background-color:#ecc67f;border-radius:7px 7px 7px 7px;overflow:hidden;padding: 45px 20px 20px 20px;\"><div class=\"fusion-text fusion-text-2\" style=\"transform:translate3d(0,0,0);\"><h2>Almenn braut<\/h2>\n<p>Me\u00f0 n\u00e1mi \u00e1 almennri braut er l\u00edkt og \u00e1 st\u00fadentsbraut lag\u00f0ur grunnur a\u00f0 h\u00e1sk\u00f3lan\u00e1mi \u00e1 svi\u00f0i t\u00f3nlistar sem veitir nemendum trausta grunnmenntun \u00e1 svi\u00f0i t\u00f3nlistar, b\u00e6\u00f0i fyrir \u00fe\u00e1 sem hyggjast gerast atvinnumenn \u00ed t\u00f3nlist og sem undirb\u00faningur undir fj\u00f6lbreytt n\u00e1m og st\u00f6rf. Brautin hentar \u00feeim nemendum vel sem stunda n\u00e1m vi\u00f0 a\u00f0ra framhaldssk\u00f3la e\u00f0a hafa \u00e1huga \u00e1 a\u00f0 stunda \u00e1hugavert og krefjandi t\u00f3nlistarn\u00e1m \u00e1 framhaldsstigi.<\/p>\n<h3 style=\"text-align: left;\"><span style=\"text-decoration: underline;\"><a href=\"http:\/\/menton.is\/index.php\/tonlistarbraut-klassisk-b-ny\/\"><strong>Klass\u00edk<\/strong><\/a><\/span><br \/>\n<span style=\"text-decoration: underline;\"><a href=\"http:\/\/menton.is\/index.php\/tonlistarbraut-rytmisk-ny\/\"><strong>Djass<\/strong><\/a><\/span><br \/>\n<span style=\"text-decoration: underline;\"><a href=\"http:\/\/menton.is\/index.php\/poppbraut-ny-2\/\"><b>Popp<\/b><\/a><\/span><\/h3>\n<\/div><div class=\"fusion-clearfix\"><\/div><\/div><\/div><div class=\"fusion-layout-column fusion_builder_column fusion-builder-column-2 fusion_builder_column_1_2 1_2 fusion-one-half fusion-column-last\" style=\"width:48%;margin-top:0px;margin-bottom:20px;\"><div class=\"fusion-column-wrapper fusion-flex-column-wrapper-legacy\" style=\"background-position:left top;background-repeat:no-repeat;-webkit-background-size:cover;-moz-background-size:cover;-o-background-size:cover;background-size:cover;border-radius:7px 7px 7px 7px;background-color:#80b6ac;border-radius:7px 7px 7px 7px;overflow:hidden;padding: 45px 20px 20px 20px;\"><div class=\"fusion-text fusion-text-3\" style=\"transform:translate3d(0,0,0);\"><h2>St\u00fadentsbrautir<\/h2>\n<p>Me\u00f0 n\u00e1mi \u00e1 st\u00fadentsbraut er lag\u00f0ur grunnur a\u00f0 h\u00e1sk\u00f3lan\u00e1mi \u00e1 svi\u00f0i t\u00f3nlistar og er brautin \u00e1hugaver\u00f0ur valkostur fyrir nemendur sem stefna a\u00f0 \u00fev\u00ed a\u00f0 hafa t\u00f3nlist a\u00f0 atvinnu. \u00dear eiga nemendur \u00feess kost a\u00f0 lj\u00faka st\u00fadentspr\u00f3fi fr\u00e1 sk\u00f3lanum me\u00f0 t\u00f3nlist sem a\u00f0aln\u00e1msgrein.<\/p>\n<h3><span style=\"text-decoration: underline;\"><span class=\"greenlink\"><a href=\"http:\/\/menton.is\/index.php\/tonlistarbraut-klassisk-student-ny\/\"><strong>Klass\u00edk<\/strong><\/a><br \/>\n<a href=\"http:\/\/menton.is\/index.php\/tonlistarbraut-rytmisk-student-ny\/\"><strong>Djass<\/strong><\/a><br \/>\n<strong><a href=\"http:\/\/menton.is\/index.php\/poppbraut-ny\/\">Popp<\/a><\/strong><\/span><\/span><\/h3>\n<\/div><div class=\"fusion-clearfix\"><\/div><\/div><\/div><\/div><\/div><\/p>\n","protected":false},"excerpt":{"rendered":"","protected":false},"author":1,"featured_media":0,"parent":0,"menu_order":0,"comment_status":"closed","ping_status":"closed","template":"","meta":{"footnotes":""},"class_list":["post-10","page","type-page","status-publish","hentry"],"_links":{"self":[{"href":"https:\/\/menton.is\/index.php\/wp-json\/wp\/v2\/pages\/10","targetHints":{"allow":["GET"]}}],"collection":[{"href":"https:\/\/menton.is\/index.php\/wp-json\/wp\/v2\/pages"}],"about":[{"href":"https:\/\/menton.is\/index.php\/wp-json\/wp\/v2\/types\/page"}],"author":[{"embeddable":true,"href":"https:\/\/menton.is\/index.php\/wp-json\/wp\/v2\/users\/1"}],"replies":[{"embeddable":true,"href":"https:\/\/menton.is\/index.php\/wp-json\/wp\/v2\/comments?post=10"}],"version-history":[{"count":166,"href":"https:\/\/menton.is\/index.php\/wp-json\/wp\/v2\/pages\/10\/revisions"}],"predecessor-version":[{"id":4567,"href":"https:\/\/menton.is\/index.php\/wp-json\/wp\/v2\/pages\/10\/revisions\/4567"}],"wp:attachment":[{"href":"https:\/\/menton.is\/index.php\/wp-json\/wp\/v2\/media?parent=10"}],"curies":[{"name":"wp","href":"https:\/\/api.w.org\/{rel}","templated":true}]}}